{"id":4518,"date":"2024-05-27T22:58:12","date_gmt":"2024-05-27T20:58:12","guid":{"rendered":"https:\/\/stage-ten.finarewebb.se\/?page_id=4518"},"modified":"2024-10-08T23:43:52","modified_gmt":"2024-10-08T21:43:52","slug":"hallbarhet","status":"publish","type":"page","link":"https:\/\/basecampnorraker.se\/en\/hallbarhet\/","title":{"rendered":"Sustainable"},"content":{"rendered":"<div data-elementor-type=\"wp-page\" data-elementor-id=\"4518\" class=\"elementor elementor-4518\" data-elementor-post-type=\"page\">\n\t\t\t\t\t\t<section class=\"elementor-section elementor-top-section elementor-element elementor-element-4b3be2b1 elementor-section-boxed elementor-section-height-default elementor-section-height-default\" data-id=\"4b3be2b1\" data-element_type=\"section\" data-e-type=\"section\">\n\t\t\t\t\t\t<div class=\"elementor-container elementor-column-gap-default\">\n\t\t\t\t\t<div class=\"elementor-column elementor-col-100 elementor-top-column elementor-element elementor-element-27e44117\" data-id=\"27e44117\" data-element_type=\"column\" data-e-type=\"column\">\n\t\t\t<div class=\"elementor-widget-wrap elementor-element-populated\">\n\t\t\t\t\t\t<div class=\"elementor-element elementor-element-17395c1a elementor-widget elementor-widget-heading\" data-id=\"17395c1a\" data-element_type=\"widget\" data-e-type=\"widget\" data-widget_type=\"heading.default\">\n\t\t\t\t<div class=\"elementor-widget-container\">\n\t\t\t\t\t<h1 class=\"elementor-heading-title elementor-size-default\">Milj\u00f6 och h\u00e5llbarhet<\/h1>\t\t\t\t<\/div>\n\t\t\t\t<\/div>\n\t\t\t\t<div class=\"elementor-element elementor-element-70281da6 elementor-widget elementor-widget-text-editor\" data-id=\"70281da6\" data-element_type=\"widget\" data-e-type=\"widget\" data-widget_type=\"text-editor.default\">\n\t\t\t\t<div class=\"elementor-widget-container\">\n\t\t\t\t\t\t\t\t\t<p>F\u00f6r oss \u00e4r h\u00e5llbarhet och omtanke om milj\u00f6n helt sj\u00e4lvklart eftersom vi \u00e4lskar den natur vi lever i och d\u00e4rf\u00f6r \u00e4r det ocks\u00e5 viktigt f\u00f6r oss att bevara den s\u00e5 som den \u00e4r.<\/p><p>Att vara ute i naturen och l\u00e4ra k\u00e4nna den tror vi ger en k\u00e4nsla f\u00f6r hur viktig milj\u00f6n \u00e4r och d\u00e4rmed ocks\u00e5 viljan att ta hand om den. D\u00e4rf\u00f6r ber\u00e4ttar vi alltid om naturen vi \u00e4r i, vilka djur som lever h\u00e4r och om tr\u00e4den, v\u00e4xterna och vattnet.<\/p><p>Naturligtvis anv\u00e4nder vi bara produkter f\u00f6r st\u00e4d och tv\u00e4tt som \u00e4r milj\u00f6certifierade. Mestadels anv\u00e4nder vi s\u00e5pa, som \u00e4r en milj\u00f6v\u00e4nlig st\u00e4dprodukt producerad av skogen.<\/p><p>Vi h\u00e4nger all tv\u00e4tt p\u00e5 tork f\u00f6r att det ger sk\u00f6nare lakan att sova i och f\u00f6r att det spar energi.<\/p><p>Vi sorterar allt avfall och i varje boende finns k\u00e4rl f\u00f6r att sortera och \u00e5tervinna.<\/p><p>Maten vi serverar \u00e4r i st\u00f6rsta m\u00f6jliga m\u00e5n n\u00e4rproducerad och ekologisk. Vi tar ocks\u00e5 tillvara mat fr\u00e5n v\u00e5r lanthandel som n\u00e4rmar sig b\u00e4stf\u00f6redatum s\u00e5 att s\u00e5 lite som m\u00f6jligt beh\u00f6ver sl\u00e4ngas.<\/p><p>Vi sorterar och komposterar det matavfall som \u00e4nd\u00e5 blir.<\/p><p>Uppv\u00e4rmning av husen sker s\u00e5 energisn\u00e5lt som m\u00f6jligt med luftv\u00e4rmepumpar.<\/p><p>Det mesta av m\u00f6blerna \u00e4r ink\u00f6pta secondhand b\u00e5de f\u00f6r att ta tillvara det som redan finns men ocks\u00e5 f\u00f6r att det ger en hemtrevlig atmosf\u00e4r.<\/p><p>Vi bevarar \u00e4ngsmarkerna p\u00e5 v\u00e5r egen och v\u00e5ra grannars g\u00e5rdar genom att anv\u00e4nda dem som betesmarker till h\u00e4starna och f\u00e5ren. Allt h\u00f6 till djuren sk\u00f6rdar vi p\u00e5 v\u00e5ra egna marker.<\/p><p>Veden vi beh\u00f6ver tar vi genom att gallra i egen skog.<\/p>\t\t\t\t\t\t\t\t<\/div>\n\t\t\t\t<\/div>\n\t\t\t\t\t<\/div>\n\t\t<\/div>\n\t\t\t\t\t<\/div>\n\t\t<\/section>\n\t\t\t\t<\/div>","protected":false},"excerpt":{"rendered":"<p>Milj\u00f6 och h\u00e5llbarhet F\u00f6r oss \u00e4r h\u00e5llbarhet och omtanke om milj\u00f6n helt sj\u00e4lvklart eftersom vi \u00e4lskar den natur vi lever i och d\u00e4rf\u00f6r \u00e4r det ocks\u00e5 viktigt f\u00f6r oss att bevara den s\u00e5 som den \u00e4r. Att vara ute i naturen och l\u00e4ra k\u00e4nna den tror vi ger en k\u00e4nsla f\u00f6r hur viktig milj\u00f6n \u00e4r [&hellip;]<\/p>\n","protected":false},"author":11,"featured_media":0,"parent":0,"menu_order":0,"comment_status":"closed","ping_status":"closed","template":"","meta":{"_monsterinsights_skip_tracking":false,"_monsterinsights_sitenote_active":false,"_monsterinsights_sitenote_note":"","_monsterinsights_sitenote_category":0,"footnotes":""},"class_list":["post-4518","page","type-page","status-publish","hentry"],"yoast_head":"<!-- This site is optimized with the Yoast SEO plugin v27.4 - https:\/\/yoast.com\/product\/yoast-seo-wordpress\/ -->\n<title>H\u00e5llbarhet - Basecampnorr\u00e5ker<\/title>\n<meta name=\"description\" content=\"Vi \u00c3\u00a4lskar naturen vi lever i och d\u00c3\u00a4rf\u00c3\u00b6r \u00c3\u00a4r h\u00c3\u00a5llbarhet och omtanke om milj\u00c3\u00b6n sj\u00c3\u00a4lvklart f\u00c3\u00b6r oss och allt v\u00c3\u00a5rt arbete genomsyras av det.\" \/>\n<meta name=\"robots\" content=\"index, follow, max-snippet:-1, max-image-preview:large, max-video-preview:-1\" \/>\n<link rel=\"canonical\" href=\"https:\/\/basecampnorraker.se\/en\/hallbarhet\/\" \/>\n<meta property=\"og:locale\" content=\"en_US\" \/>\n<meta property=\"og:type\" content=\"article\" \/>\n<meta property=\"og:title\" content=\"H\u00e5llbarhet - Basecampnorr\u00e5ker\" \/>\n<meta property=\"og:description\" content=\"Vi \u00c3\u00a4lskar naturen vi lever i och d\u00c3\u00a4rf\u00c3\u00b6r \u00c3\u00a4r h\u00c3\u00a5llbarhet och omtanke om milj\u00c3\u00b6n sj\u00c3\u00a4lvklart f\u00c3\u00b6r oss och allt v\u00c3\u00a5rt arbete genomsyras av det.\" \/>\n<meta property=\"og:url\" content=\"https:\/\/basecampnorraker.se\/en\/hallbarhet\/\" \/>\n<meta property=\"og:site_name\" content=\"Basecampnorr\u00e5ker\" \/>\n<meta property=\"article:publisher\" content=\"https:\/\/www.facebook.com\/basecampnorraker\" \/>\n<meta property=\"article:modified_time\" content=\"2024-10-08T21:43:52+00:00\" \/>\n<meta name=\"twitter:card\" content=\"summary_large_image\" \/>\n<meta name=\"twitter:label1\" content=\"Est. reading time\" \/>\n\t<meta name=\"twitter:data1\" content=\"2 minutes\" \/>\n<script type=\"application\/ld+json\" class=\"yoast-schema-graph\">{\"@context\":\"https:\\\/\\\/schema.org\",\"@graph\":[{\"@type\":\"WebPage\",\"@id\":\"https:\\\/\\\/basecampnorraker.se\\\/hallbarhet\\\/\",\"url\":\"https:\\\/\\\/basecampnorraker.se\\\/hallbarhet\\\/\",\"name\":\"H\u00e5llbarhet - Basecampnorr\u00e5ker\",\"isPartOf\":{\"@id\":\"https:\\\/\\\/basecampnorraker.se\\\/#website\"},\"datePublished\":\"2024-05-27T20:58:12+00:00\",\"dateModified\":\"2024-10-08T21:43:52+00:00\",\"description\":\"Vi \u00c3\u00a4lskar naturen vi lever i och d\u00c3\u00a4rf\u00c3\u00b6r \u00c3\u00a4r h\u00c3\u00a5llbarhet och omtanke om milj\u00c3\u00b6n sj\u00c3\u00a4lvklart f\u00c3\u00b6r oss och allt v\u00c3\u00a5rt arbete genomsyras av det.\",\"breadcrumb\":{\"@id\":\"https:\\\/\\\/basecampnorraker.se\\\/hallbarhet\\\/#breadcrumb\"},\"inLanguage\":\"en-US\",\"potentialAction\":[{\"@type\":\"ReadAction\",\"target\":[\"https:\\\/\\\/basecampnorraker.se\\\/hallbarhet\\\/\"]}]},{\"@type\":\"BreadcrumbList\",\"@id\":\"https:\\\/\\\/basecampnorraker.se\\\/hallbarhet\\\/#breadcrumb\",\"itemListElement\":[{\"@type\":\"ListItem\",\"position\":1,\"name\":\"Hem\",\"item\":\"https:\\\/\\\/basecampnorraker.se\\\/\"},{\"@type\":\"ListItem\",\"position\":2,\"name\":\"H\u00e5llbarhet\"}]},{\"@type\":\"WebSite\",\"@id\":\"https:\\\/\\\/basecampnorraker.se\\\/#website\",\"url\":\"https:\\\/\\\/basecampnorraker.se\\\/\",\"name\":\"Basecampnorr\u00e5ker\",\"description\":\"\",\"publisher\":{\"@id\":\"https:\\\/\\\/basecampnorraker.se\\\/#organization\"},\"potentialAction\":[{\"@type\":\"SearchAction\",\"target\":{\"@type\":\"EntryPoint\",\"urlTemplate\":\"https:\\\/\\\/basecampnorraker.se\\\/?s={search_term_string}\"},\"query-input\":{\"@type\":\"PropertyValueSpecification\",\"valueRequired\":true,\"valueName\":\"search_term_string\"}}],\"inLanguage\":\"en-US\"},{\"@type\":\"Organization\",\"@id\":\"https:\\\/\\\/basecampnorraker.se\\\/#organization\",\"name\":\"Basecampnorr\u00e5ker\",\"url\":\"https:\\\/\\\/basecampnorraker.se\\\/\",\"logo\":{\"@type\":\"ImageObject\",\"inLanguage\":\"en-US\",\"@id\":\"https:\\\/\\\/basecampnorraker.se\\\/#\\\/schema\\\/logo\\\/image\\\/\",\"url\":\"https:\\\/\\\/basecampnorraker.se\\\/wp-content\\\/uploads\\\/2024\\\/10\\\/Basecamp-Norraker.png\",\"contentUrl\":\"https:\\\/\\\/basecampnorraker.se\\\/wp-content\\\/uploads\\\/2024\\\/10\\\/Basecamp-Norraker.png\",\"width\":940,\"height\":440,\"caption\":\"Basecampnorr\u00e5ker\"},\"image\":{\"@id\":\"https:\\\/\\\/basecampnorraker.se\\\/#\\\/schema\\\/logo\\\/image\\\/\"},\"sameAs\":[\"https:\\\/\\\/www.facebook.com\\\/basecampnorraker\",\"https:\\\/\\\/www.instagram.com\\\/basecampnorraker\\\/\"]}]}<\/script>\n<!-- \/ Yoast SEO plugin. -->","yoast_head_json":{"title":"H\u00e5llbarhet - Basecampnorr\u00e5ker","description":"Vi \u00c3\u00a4lskar naturen vi lever i och d\u00c3\u00a4rf\u00c3\u00b6r \u00c3\u00a4r h\u00c3\u00a5llbarhet och omtanke om milj\u00c3\u00b6n sj\u00c3\u00a4lvklart f\u00c3\u00b6r oss och allt v\u00c3\u00a5rt arbete genomsyras av det.","robots":{"index":"index","follow":"follow","max-snippet":"max-snippet:-1","max-image-preview":"max-image-preview:large","max-video-preview":"max-video-preview:-1"},"canonical":"https:\/\/basecampnorraker.se\/en\/hallbarhet\/","og_locale":"en_US","og_type":"article","og_title":"H\u00e5llbarhet - Basecampnorr\u00e5ker","og_description":"Vi \u00c3\u00a4lskar naturen vi lever i och d\u00c3\u00a4rf\u00c3\u00b6r \u00c3\u00a4r h\u00c3\u00a5llbarhet och omtanke om milj\u00c3\u00b6n sj\u00c3\u00a4lvklart f\u00c3\u00b6r oss och allt v\u00c3\u00a5rt arbete genomsyras av det.","og_url":"https:\/\/basecampnorraker.se\/en\/hallbarhet\/","og_site_name":"Basecampnorr\u00e5ker","article_publisher":"https:\/\/www.facebook.com\/basecampnorraker","article_modified_time":"2024-10-08T21:43:52+00:00","twitter_card":"summary_large_image","twitter_misc":{"Est. reading time":"2 minutes"},"schema":{"@context":"https:\/\/schema.org","@graph":[{"@type":"WebPage","@id":"https:\/\/basecampnorraker.se\/hallbarhet\/","url":"https:\/\/basecampnorraker.se\/hallbarhet\/","name":"H\u00e5llbarhet - Basecampnorr\u00e5ker","isPartOf":{"@id":"https:\/\/basecampnorraker.se\/#website"},"datePublished":"2024-05-27T20:58:12+00:00","dateModified":"2024-10-08T21:43:52+00:00","description":"Vi \u00c3\u00a4lskar naturen vi lever i och d\u00c3\u00a4rf\u00c3\u00b6r \u00c3\u00a4r h\u00c3\u00a5llbarhet och omtanke om milj\u00c3\u00b6n sj\u00c3\u00a4lvklart f\u00c3\u00b6r oss och allt v\u00c3\u00a5rt arbete genomsyras av det.","breadcrumb":{"@id":"https:\/\/basecampnorraker.se\/hallbarhet\/#breadcrumb"},"inLanguage":"en-US","potentialAction":[{"@type":"ReadAction","target":["https:\/\/basecampnorraker.se\/hallbarhet\/"]}]},{"@type":"BreadcrumbList","@id":"https:\/\/basecampnorraker.se\/hallbarhet\/#breadcrumb","itemListElement":[{"@type":"ListItem","position":1,"name":"Hem","item":"https:\/\/basecampnorraker.se\/"},{"@type":"ListItem","position":2,"name":"H\u00e5llbarhet"}]},{"@type":"WebSite","@id":"https:\/\/basecampnorraker.se\/#website","url":"https:\/\/basecampnorraker.se\/","name":"Basecampnorr\u00e5ker","description":"","publisher":{"@id":"https:\/\/basecampnorraker.se\/#organization"},"potentialAction":[{"@type":"SearchAction","target":{"@type":"EntryPoint","urlTemplate":"https:\/\/basecampnorraker.se\/?s={search_term_string}"},"query-input":{"@type":"PropertyValueSpecification","valueRequired":true,"valueName":"search_term_string"}}],"inLanguage":"en-US"},{"@type":"Organization","@id":"https:\/\/basecampnorraker.se\/#organization","name":"Basecampnorr\u00e5ker","url":"https:\/\/basecampnorraker.se\/","logo":{"@type":"ImageObject","inLanguage":"en-US","@id":"https:\/\/basecampnorraker.se\/#\/schema\/logo\/image\/","url":"https:\/\/basecampnorraker.se\/wp-content\/uploads\/2024\/10\/Basecamp-Norraker.png","contentUrl":"https:\/\/basecampnorraker.se\/wp-content\/uploads\/2024\/10\/Basecamp-Norraker.png","width":940,"height":440,"caption":"Basecampnorr\u00e5ker"},"image":{"@id":"https:\/\/basecampnorraker.se\/#\/schema\/logo\/image\/"},"sameAs":["https:\/\/www.facebook.com\/basecampnorraker","https:\/\/www.instagram.com\/basecampnorraker\/"]}]}},"_links":{"self":[{"href":"https:\/\/basecampnorraker.se\/en\/wp-json\/wp\/v2\/pages\/4518","targetHints":{"allow":["GET"]}}],"collection":[{"href":"https:\/\/basecampnorraker.se\/en\/wp-json\/wp\/v2\/pages"}],"about":[{"href":"https:\/\/basecampnorraker.se\/en\/wp-json\/wp\/v2\/types\/page"}],"author":[{"embeddable":true,"href":"https:\/\/basecampnorraker.se\/en\/wp-json\/wp\/v2\/users\/11"}],"replies":[{"embeddable":true,"href":"https:\/\/basecampnorraker.se\/en\/wp-json\/wp\/v2\/comments?post=4518"}],"version-history":[{"count":26,"href":"https:\/\/basecampnorraker.se\/en\/wp-json\/wp\/v2\/pages\/4518\/revisions"}],"predecessor-version":[{"id":5550,"href":"https:\/\/basecampnorraker.se\/en\/wp-json\/wp\/v2\/pages\/4518\/revisions\/5550"}],"wp:attachment":[{"href":"https:\/\/basecampnorraker.se\/en\/wp-json\/wp\/v2\/media?parent=4518"}],"curies":[{"name":"wp","href":"https:\/\/api.w.org\/{rel}","templated":true}]}}