{"id":3931,"date":"2024-04-09T22:24:43","date_gmt":"2024-04-09T20:24:43","guid":{"rendered":"https:\/\/stage-ten.finarewebb.se\/?page_id=3931"},"modified":"2025-10-29T22:53:34","modified_gmt":"2025-10-29T21:53:34","slug":"gdpr","status":"publish","type":"page","link":"https:\/\/basecampnorraker.se\/en\/gdpr\/","title":{"rendered":"GDPR"},"content":{"rendered":"<div data-elementor-type=\"wp-page\" data-elementor-id=\"3931\" class=\"elementor elementor-3931\" data-elementor-post-type=\"page\">\n\t\t\t\t\t\t<section class=\"elementor-section elementor-top-section elementor-element elementor-element-14d42bd9 elementor-section-boxed elementor-section-height-default elementor-section-height-default\" data-id=\"14d42bd9\" data-element_type=\"section\" data-e-type=\"section\">\n\t\t\t\t\t\t<div class=\"elementor-container elementor-column-gap-default\">\n\t\t\t\t\t<div class=\"elementor-column elementor-col-100 elementor-top-column elementor-element elementor-element-1b29fe50\" data-id=\"1b29fe50\" data-element_type=\"column\" data-e-type=\"column\">\n\t\t\t<div class=\"elementor-widget-wrap elementor-element-populated\">\n\t\t\t\t\t\t<div class=\"elementor-element elementor-element-2fbb1c71 elementor-widget elementor-widget-heading\" data-id=\"2fbb1c71\" data-element_type=\"widget\" data-e-type=\"widget\" data-widget_type=\"heading.default\">\n\t\t\t\t<div class=\"elementor-widget-container\">\n\t\t\t\t\t<h1 class=\"elementor-heading-title elementor-size-default\">GDPR<\/h1>\t\t\t\t<\/div>\n\t\t\t\t<\/div>\n\t\t\t\t<div class=\"elementor-element elementor-element-085732d elementor-widget elementor-widget-heading\" data-id=\"085732d\" data-element_type=\"widget\" data-e-type=\"widget\" data-widget_type=\"heading.default\">\n\t\t\t\t<div class=\"elementor-widget-container\">\n\t\t\t\t\t<h2 class=\"elementor-heading-title elementor-size-default\">Personuppgiftsbehandling<\/h2>\t\t\t\t<\/div>\n\t\t\t\t<\/div>\n\t\t\t\t<div class=\"elementor-element elementor-element-8eb3106 elementor-widget elementor-widget-text-editor\" data-id=\"8eb3106\" data-element_type=\"widget\" data-e-type=\"widget\" data-widget_type=\"text-editor.default\">\n\t\t\t\t<div class=\"elementor-widget-container\">\n\t\t\t\t\t\t\t\t\t<p>Norr\u00e5kers Handel org.nr. 556683-1425 behandlar personuppgifter i samband med handeln p\u00e5 https:\/\/www.basecampnorraker.se och \u00e4r personuppgiftsansvarigt f\u00f6r behandlingen. Personuppgifter behandlas f\u00f6r att Norr\u00e5kers Handel ska kunna tillhandah\u00e5lla sina tj\u00e4nster, huvudsakligen f\u00f6r f\u00f6ljande \u00e4ndam\u00e5l\u00a0<\/p><ul><li>F\u00f6r att skapa och uppr\u00e4tth\u00e5lla ditt personliga konto<\/li><li>F\u00f6r att ta emot och bearbeta dina best\u00e4llningar och skicka dina varor till dig.<\/li><li>F\u00f6r att hantera eventuella returer.<\/li><li>F\u00f6r att skicka dig sms-aviseringar om bokningsstatus.<\/li><li>F\u00f6r att besvara dina fr\u00e5gor och informera dig om nya eller \u00e4ndrade tj\u00e4nster.<\/li><li>F\u00f6r att skicka marknadsf\u00f6ringserbjudanden som nyhetsbrev och kataloger.<\/li><li>F\u00f6r att skicka dig enk\u00e4ter som ger dig m\u00f6jlighet att p\u00e5verka Norr\u00e5kers Handels erbjudanden och tj\u00e4nster.<\/li><\/ul>\t\t\t\t\t\t\t\t<\/div>\n\t\t\t\t<\/div>\n\t\t\t\t<div class=\"elementor-element elementor-element-bb8080f elementor-widget elementor-widget-text-editor\" data-id=\"bb8080f\" data-element_type=\"widget\" data-e-type=\"widget\" data-widget_type=\"text-editor.default\">\n\t\t\t\t<div class=\"elementor-widget-container\">\n\t\t\t\t\t\t\t\t\t<p>De uppgifter som behandlas \u00e4r de uppgifter som du anger, t.ex. n\u00e4r du l\u00e4gger best\u00e4llningar, kontaktar kundtj\u00e4nst eller dylikt. De uppgifter du anger omfattar t.ex. kontaktinformation, leveransadress och best\u00e4llda varor (\u201dPersonuppgifterna\u201d). Personuppgifterna \u00e4r n\u00f6dv\u00e4ndiga f\u00f6r att Norr\u00e5kers Handel ska kunna uppn\u00e5 \u00c4ndam\u00e5len. Viss information kan \u00e4ven komma att inh\u00e4mtas fr\u00e5n offentliga register eller fr\u00e5n andra allm\u00e4nt tillg\u00e4ngliga k\u00e4llor.<\/p><p>Den huvudsakliga r\u00e4ttsliga grunden f\u00f6r behandlingen \u00e4r att behandlingen \u00e4r n\u00f6dv\u00e4ndig f\u00f6r att Norr\u00e5kers Handel ska kunna fullg\u00f6ra sina \u00e5taganden gentemot sina kunder. Vissa behandlingar baseras \u00e4ven p\u00e5 Norr\u00e5kers Handels ber\u00e4ttigade intresse att kunna bedriva sin verksamhet p\u00e5 ett effektivt och s\u00e4kert s\u00e4tt samt p\u00e5 Norr\u00e5kers Handels skyldighet att f\u00f6lja r\u00e4ttsliga f\u00f6rpliktelser. Personuppgifterna kan komma att delas med myndigheter och andra parter som Norr\u00e5kers Handel anlitar f\u00f6r att uppn\u00e5 \u00c4ndam\u00e5len, t.ex. f\u00f6r leverans. Dessa akt\u00f6rer kan vara baserade i l\u00e4nder utanf\u00f6r EU\/EES. Om Europakommissionen inte anser att landet s\u00e4kerst\u00e4ller en adekvat skyddsniv\u00e5 kommer \u00f6verf\u00f6ringen till den tredje parten att ha st\u00f6d i kommissionens standardavtalsklausuler f\u00f6r \u00f6verf\u00f6ring av personuppgifter till ett land utanf\u00f6r EU\/EES, se artiklarna 45\u201346 i f\u00f6rordning 2016\/679 (\u201dGDPR\u201d). Dessa standardavtalsklausuler finns \u00e5tkomliga h\u00e4r: http:\/\/ec.europa.eu\/justice\/data-protection\/international-transfers\/transfer\/. Behandlingen av Personuppgifterna kommer p\u00e5g\u00e5 s\u00e5 l\u00e4nge det kr\u00e4vs f\u00f6r att uppfylla \u00c4ndam\u00e5len eller s\u00e5 l\u00e4nge som Norr\u00e5kers Handel \u00e4r f\u00f6rpliktade att g\u00f6ra detta. D\u00e4refter raderas Personuppgifterna.<\/p>\t\t\t\t\t\t\t\t<\/div>\n\t\t\t\t<\/div>\n\t\t\t\t<div class=\"elementor-element elementor-element-f3d06a5 elementor-widget elementor-widget-text-editor\" data-id=\"f3d06a5\" data-element_type=\"widget\" data-e-type=\"widget\" data-widget_type=\"text-editor.default\">\n\t\t\t\t<div class=\"elementor-widget-container\">\n\t\t\t\t\t\t\t\t\t<p>Om du har n\u00e5gra fr\u00e5gor kring behandlingen av Personuppgifterna kan du kontakta Norr\u00e5kers Handel via ida@norrakershandel.se. Du kan \u00e4ven anv\u00e4nda denna adress om du vill ut\u00f6va n\u00e5gon av de r\u00e4ttigheter du enligt GDPR har som registrerad. V\u00e4nligen notera att r\u00e4ttigheterna enligt GDPR inte \u00e4r absoluta och att ett \u00e5beropande av en r\u00e4ttighet d\u00e4rf\u00f6r inte n\u00f6dv\u00e4ndigtvis leder till en \u00e5tg\u00e4rd.<\/p><p>Dina r\u00e4ttigheter enligt GDPR inkluderar f\u00f6ljande:<\/p><ul><li>R\u00e4tt till tillg\u00e5ng \u2013 Enligt artikel 15 GDPR har du r\u00e4tt att ta del av Personuppgifterna och att bli informerad om behandlingen. Den informationen finns i detta dokument.<\/li><li>R\u00e4tt till r\u00e4ttelse \u2013 Enligt artikel 16 GDPR har du r\u00e4tt att utan on\u00f6digt dr\u00f6jsm\u00e5l f\u00e5 felaktiga personuppgifter som r\u00f6r dig r\u00e4ttade. Med beaktande av \u00e4ndam\u00e5let med behandlingen har du ocks\u00e5 r\u00e4tt att komplettera ofullst\u00e4ndiga personuppgifter.<\/li><li>R\u00e4tt till radering (\u201dr\u00e4tten att bli bortgl\u00f6md\u201d) \u2013 Under vissa omst\u00e4ndigheter har du med st\u00f6d av artikel 17 GDPR r\u00e4tt att f\u00e5 Personuppgifterna raderade.<\/li><li>R\u00e4tt till begr\u00e4nsning av anv\u00e4ndning \u2013 Under vissa omst\u00e4ndigheter har du enligt artikel 18 GDPR r\u00e4tt att begr\u00e4nsa behandlingen av Personuppgifterna.<\/li><li>R\u00e4tt till dataportabilitet \u2013 Enligt artikel 20 GDPR har du r\u00e4tt att f\u00e5 ut Personuppgifterna i ett strukturerat, allm\u00e4nt anv\u00e4nt och maskinl\u00e4sbart format. Du har ocks\u00e5 r\u00e4tt att \u00f6verf\u00f6ra dessa uppgifter till en annan personuppgiftsansvarig.<\/li><li>R\u00e4tt att g\u00f6ra inv\u00e4ndningar \u2013 Enligt artikel 21 GDPR har du r\u00e4tt att inv\u00e4nda mot viss behandling av Personuppgifterna, exempelvis s\u00e5dan behandling som grundar sig i Norr\u00e5kers Handels ber\u00e4ttigade intressen.<\/li><li>Slutligen har du ocks\u00e5 r\u00e4tt att inge klagom\u00e5l till Datainspektionen, som kan kontaktas via datainspektionen@datainspektionen.se eller 08-657 61 00.<\/li><\/ul>\t\t\t\t\t\t\t\t<\/div>\n\t\t\t\t<\/div>\n\t\t\t\t<div class=\"elementor-element elementor-element-90ee98f elementor-widget elementor-widget-text-editor\" data-id=\"90ee98f\" data-element_type=\"widget\" data-e-type=\"widget\" data-widget_type=\"text-editor.default\">\n\t\t\t\t<div class=\"elementor-widget-container\">\n\t\t\t\t\t\t\t\t\t<p>Om du har n\u00e5gra fr\u00e5gor kring behandlingen av Personuppgifterna kan du kontakta Norr\u00e5kers Handel via ida@norrakershandel.se. Du kan \u00e4ven anv\u00e4nda denna adress om du vill ut\u00f6va n\u00e5gon av de r\u00e4ttigheter du enligt GDPR har som registrerad. V\u00e4nligen notera att r\u00e4ttigheterna enligt GDPR inte \u00e4r absoluta och att ett \u00e5beropande av en r\u00e4ttighet d\u00e4rf\u00f6r inte n\u00f6dv\u00e4ndigtvis leder till en \u00e5tg\u00e4rd.<\/p><p>Dina r\u00e4ttigheter enligt GDPR inkluderar f\u00f6ljande:<\/p><ul><li>R\u00e4tt till tillg\u00e5ng \u2013 Enligt artikel 15 GDPR har du r\u00e4tt att ta del av Personuppgifterna och att bli informerad om behandlingen. Den informationen finns i detta dokument.<\/li><li>R\u00e4tt till r\u00e4ttelse \u2013 Enligt artikel 16 GDPR har du r\u00e4tt att utan on\u00f6digt dr\u00f6jsm\u00e5l f\u00e5 felaktiga personuppgifter som r\u00f6r dig r\u00e4ttade. Med beaktande av \u00e4ndam\u00e5let med behandlingen har du ocks\u00e5 r\u00e4tt att komplettera ofullst\u00e4ndiga personuppgifter.<\/li><li>R\u00e4tt till radering (\u201dr\u00e4tten att bli bortgl\u00f6md\u201d) \u2013 Under vissa omst\u00e4ndigheter har du med st\u00f6d av artikel 17 GDPR r\u00e4tt att f\u00e5 Personuppgifterna raderade.<\/li><li>R\u00e4tt till begr\u00e4nsning av anv\u00e4ndning \u2013 Under vissa omst\u00e4ndigheter har du enligt artikel 18 GDPR r\u00e4tt att begr\u00e4nsa behandlingen av Personuppgifterna.<\/li><li>R\u00e4tt till dataportabilitet \u2013 Enligt artikel 20 GDPR har du r\u00e4tt att f\u00e5 ut Personuppgifterna i ett strukturerat, allm\u00e4nt anv\u00e4nt och maskinl\u00e4sbart format. Du har ocks\u00e5 r\u00e4tt att \u00f6verf\u00f6ra dessa uppgifter till en annan personuppgiftsansvarig.<\/li><li>R\u00e4tt att g\u00f6ra inv\u00e4ndningar \u2013 Enligt artikel 21 GDPR har du r\u00e4tt att inv\u00e4nda mot viss behandling av Personuppgifterna, exempelvis s\u00e5dan behandling som grundar sig i Norr\u00e5kers Handels ber\u00e4ttigade intressen.<\/li><li>Slutligen har du ocks\u00e5 r\u00e4tt att inge klagom\u00e5l till Datainspektionen, som kan kontaktas via datainspektionen@datainspektionen.se eller 08-657 61 00.<\/li><\/ul>\t\t\t\t\t\t\t\t<\/div>\n\t\t\t\t<\/div>\n\t\t\t\t<div class=\"elementor-element elementor-element-789a2ce elementor-widget elementor-widget-heading\" data-id=\"789a2ce\" data-element_type=\"widget\" data-e-type=\"widget\" data-widget_type=\"heading.default\">\n\t\t\t\t<div class=\"elementor-widget-container\">\n\t\t\t\t\t<h2 class=\"elementor-heading-title elementor-size-default\">Personuppgiftsbehandling<\/h2>\t\t\t\t<\/div>\n\t\t\t\t<\/div>\n\t\t\t\t<div class=\"elementor-element elementor-element-6951bab elementor-widget elementor-widget-text-editor\" data-id=\"6951bab\" data-element_type=\"widget\" data-e-type=\"widget\" data-widget_type=\"text-editor.default\">\n\t\t\t\t<div class=\"elementor-widget-container\">\n\t\t\t\t\t\t\t\t\t<p class=\"CookieDeclarationDialogText\">Denna webbplats anv\u00e4nder cookies. Vi anv\u00e4nder enhetsidentifierare f\u00f6r att anpassa inneh\u00e5llet och annonserna till anv\u00e4ndarna, tillhandah\u00e5lla funktioner f\u00f6r sociala medier och analysera v\u00e5r trafik. Vi vidarebefordrar \u00e4ven s\u00e5dana identifierare och annan information fr\u00e5n din enhet till de sociala medier och annons- och analysf\u00f6retag som vi samarbetar med. Dessa kan i sin tur kombinera informationen med annan information som du har tillhandah\u00e5llit eller som de har samlat in n\u00e4r du har anv\u00e4nt deras tj\u00e4nster. <a href=\"\/en\/cookies\/\">L\u00e4s mer om v\u00e5ra cookies h\u00e4r<\/a>.<\/p>\t\t\t\t\t\t\t\t<\/div>\n\t\t\t\t<\/div>\n\t\t\t\t\t<\/div>\n\t\t<\/div>\n\t\t\t\t\t<\/div>\n\t\t<\/section>\n\t\t\t\t<\/div>","protected":false},"excerpt":{"rendered":"<p>GDPR Personuppgiftsbehandling Norr\u00e5kers Handel org.nr. 556683-1425 behandlar personuppgifter i samband med handeln p\u00e5 https:\/\/www.basecampnorraker.se och \u00e4r personuppgiftsansvarigt f\u00f6r behandlingen. Personuppgifter behandlas f\u00f6r att Norr\u00e5kers Handel ska kunna tillhandah\u00e5lla sina tj\u00e4nster, huvudsakligen f\u00f6r f\u00f6ljande \u00e4ndam\u00e5l\u00a0 F\u00f6r att skapa och uppr\u00e4tth\u00e5lla ditt personliga konto F\u00f6r att ta emot och bearbeta dina best\u00e4llningar och skicka dina varor till [&hellip;]<\/p>\n","protected":false},"author":11,"featured_media":0,"parent":0,"menu_order":0,"comment_status":"closed","ping_status":"closed","template":"","meta":{"_monsterinsights_skip_tracking":false,"_monsterinsights_sitenote_active":false,"_monsterinsights_sitenote_note":"","_monsterinsights_sitenote_category":0,"footnotes":""},"class_list":["post-3931","page","type-page","status-publish","hentry"],"yoast_head":"<!-- This site is optimized with the Yoast SEO plugin v27.4 - https:\/\/yoast.com\/product\/yoast-seo-wordpress\/ -->\n<title>GDPR - Basecampnorr\u00e5ker<\/title>\n<meta name=\"robots\" content=\"index, follow, max-snippet:-1, max-image-preview:large, max-video-preview:-1\" \/>\n<link rel=\"canonical\" href=\"https:\/\/basecampnorraker.se\/en\/gdpr\/\" \/>\n<meta property=\"og:locale\" content=\"en_US\" \/>\n<meta property=\"og:type\" content=\"article\" \/>\n<meta property=\"og:title\" content=\"GDPR - Basecampnorr\u00e5ker\" \/>\n<meta property=\"og:description\" content=\"GDPR Personuppgiftsbehandling Norr\u00e5kers Handel org.nr. 556683-1425 behandlar personuppgifter i samband med handeln p\u00e5 https:\/\/www.basecampnorraker.se och \u00e4r personuppgiftsansvarigt f\u00f6r behandlingen. Personuppgifter behandlas f\u00f6r att Norr\u00e5kers Handel ska kunna tillhandah\u00e5lla sina tj\u00e4nster, huvudsakligen f\u00f6r f\u00f6ljande \u00e4ndam\u00e5l\u00a0 F\u00f6r att skapa och uppr\u00e4tth\u00e5lla ditt personliga konto F\u00f6r att ta emot och bearbeta dina best\u00e4llningar och skicka dina varor till [&hellip;]\" \/>\n<meta property=\"og:url\" content=\"https:\/\/basecampnorraker.se\/en\/gdpr\/\" \/>\n<meta property=\"og:site_name\" content=\"Basecampnorr\u00e5ker\" \/>\n<meta property=\"article:publisher\" content=\"https:\/\/www.facebook.com\/basecampnorraker\" \/>\n<meta property=\"article:modified_time\" content=\"2025-10-29T21:53:34+00:00\" \/>\n<meta name=\"twitter:card\" content=\"summary_large_image\" \/>\n<meta name=\"twitter:label1\" content=\"Est. reading time\" \/>\n\t<meta name=\"twitter:data1\" content=\"5 minutes\" \/>\n<script type=\"application\/ld+json\" class=\"yoast-schema-graph\">{\"@context\":\"https:\\\/\\\/schema.org\",\"@graph\":[{\"@type\":\"WebPage\",\"@id\":\"https:\\\/\\\/basecampnorraker.se\\\/gdpr\\\/\",\"url\":\"https:\\\/\\\/basecampnorraker.se\\\/gdpr\\\/\",\"name\":\"GDPR - Basecampnorr\u00e5ker\",\"isPartOf\":{\"@id\":\"https:\\\/\\\/basecampnorraker.se\\\/#website\"},\"datePublished\":\"2024-04-09T20:24:43+00:00\",\"dateModified\":\"2025-10-29T21:53:34+00:00\",\"breadcrumb\":{\"@id\":\"https:\\\/\\\/basecampnorraker.se\\\/gdpr\\\/#breadcrumb\"},\"inLanguage\":\"en-US\",\"potentialAction\":[{\"@type\":\"ReadAction\",\"target\":[\"https:\\\/\\\/basecampnorraker.se\\\/gdpr\\\/\"]}]},{\"@type\":\"BreadcrumbList\",\"@id\":\"https:\\\/\\\/basecampnorraker.se\\\/gdpr\\\/#breadcrumb\",\"itemListElement\":[{\"@type\":\"ListItem\",\"position\":1,\"name\":\"Hem\",\"item\":\"https:\\\/\\\/basecampnorraker.se\\\/\"},{\"@type\":\"ListItem\",\"position\":2,\"name\":\"GDPR\"}]},{\"@type\":\"WebSite\",\"@id\":\"https:\\\/\\\/basecampnorraker.se\\\/#website\",\"url\":\"https:\\\/\\\/basecampnorraker.se\\\/\",\"name\":\"Basecampnorr\u00e5ker\",\"description\":\"\",\"publisher\":{\"@id\":\"https:\\\/\\\/basecampnorraker.se\\\/#organization\"},\"potentialAction\":[{\"@type\":\"SearchAction\",\"target\":{\"@type\":\"EntryPoint\",\"urlTemplate\":\"https:\\\/\\\/basecampnorraker.se\\\/?s={search_term_string}\"},\"query-input\":{\"@type\":\"PropertyValueSpecification\",\"valueRequired\":true,\"valueName\":\"search_term_string\"}}],\"inLanguage\":\"en-US\"},{\"@type\":\"Organization\",\"@id\":\"https:\\\/\\\/basecampnorraker.se\\\/#organization\",\"name\":\"Basecampnorr\u00e5ker\",\"url\":\"https:\\\/\\\/basecampnorraker.se\\\/\",\"logo\":{\"@type\":\"ImageObject\",\"inLanguage\":\"en-US\",\"@id\":\"https:\\\/\\\/basecampnorraker.se\\\/#\\\/schema\\\/logo\\\/image\\\/\",\"url\":\"https:\\\/\\\/basecampnorraker.se\\\/wp-content\\\/uploads\\\/2024\\\/10\\\/Basecamp-Norraker.png\",\"contentUrl\":\"https:\\\/\\\/basecampnorraker.se\\\/wp-content\\\/uploads\\\/2024\\\/10\\\/Basecamp-Norraker.png\",\"width\":940,\"height\":440,\"caption\":\"Basecampnorr\u00e5ker\"},\"image\":{\"@id\":\"https:\\\/\\\/basecampnorraker.se\\\/#\\\/schema\\\/logo\\\/image\\\/\"},\"sameAs\":[\"https:\\\/\\\/www.facebook.com\\\/basecampnorraker\",\"https:\\\/\\\/www.instagram.com\\\/basecampnorraker\\\/\"]}]}<\/script>\n<!-- \/ Yoast SEO plugin. -->","yoast_head_json":{"title":"GDPR - Basecampnorr\u00e5ker","robots":{"index":"index","follow":"follow","max-snippet":"max-snippet:-1","max-image-preview":"max-image-preview:large","max-video-preview":"max-video-preview:-1"},"canonical":"https:\/\/basecampnorraker.se\/en\/gdpr\/","og_locale":"en_US","og_type":"article","og_title":"GDPR - Basecampnorr\u00e5ker","og_description":"GDPR Personuppgiftsbehandling Norr\u00e5kers Handel org.nr. 556683-1425 behandlar personuppgifter i samband med handeln p\u00e5 https:\/\/www.basecampnorraker.se och \u00e4r personuppgiftsansvarigt f\u00f6r behandlingen. Personuppgifter behandlas f\u00f6r att Norr\u00e5kers Handel ska kunna tillhandah\u00e5lla sina tj\u00e4nster, huvudsakligen f\u00f6r f\u00f6ljande \u00e4ndam\u00e5l\u00a0 F\u00f6r att skapa och uppr\u00e4tth\u00e5lla ditt personliga konto F\u00f6r att ta emot och bearbeta dina best\u00e4llningar och skicka dina varor till [&hellip;]","og_url":"https:\/\/basecampnorraker.se\/en\/gdpr\/","og_site_name":"Basecampnorr\u00e5ker","article_publisher":"https:\/\/www.facebook.com\/basecampnorraker","article_modified_time":"2025-10-29T21:53:34+00:00","twitter_card":"summary_large_image","twitter_misc":{"Est. reading time":"5 minutes"},"schema":{"@context":"https:\/\/schema.org","@graph":[{"@type":"WebPage","@id":"https:\/\/basecampnorraker.se\/gdpr\/","url":"https:\/\/basecampnorraker.se\/gdpr\/","name":"GDPR - Basecampnorr\u00e5ker","isPartOf":{"@id":"https:\/\/basecampnorraker.se\/#website"},"datePublished":"2024-04-09T20:24:43+00:00","dateModified":"2025-10-29T21:53:34+00:00","breadcrumb":{"@id":"https:\/\/basecampnorraker.se\/gdpr\/#breadcrumb"},"inLanguage":"en-US","potentialAction":[{"@type":"ReadAction","target":["https:\/\/basecampnorraker.se\/gdpr\/"]}]},{"@type":"BreadcrumbList","@id":"https:\/\/basecampnorraker.se\/gdpr\/#breadcrumb","itemListElement":[{"@type":"ListItem","position":1,"name":"Hem","item":"https:\/\/basecampnorraker.se\/"},{"@type":"ListItem","position":2,"name":"GDPR"}]},{"@type":"WebSite","@id":"https:\/\/basecampnorraker.se\/#website","url":"https:\/\/basecampnorraker.se\/","name":"Basecampnorr\u00e5ker","description":"","publisher":{"@id":"https:\/\/basecampnorraker.se\/#organization"},"potentialAction":[{"@type":"SearchAction","target":{"@type":"EntryPoint","urlTemplate":"https:\/\/basecampnorraker.se\/?s={search_term_string}"},"query-input":{"@type":"PropertyValueSpecification","valueRequired":true,"valueName":"search_term_string"}}],"inLanguage":"en-US"},{"@type":"Organization","@id":"https:\/\/basecampnorraker.se\/#organization","name":"Basecampnorr\u00e5ker","url":"https:\/\/basecampnorraker.se\/","logo":{"@type":"ImageObject","inLanguage":"en-US","@id":"https:\/\/basecampnorraker.se\/#\/schema\/logo\/image\/","url":"https:\/\/basecampnorraker.se\/wp-content\/uploads\/2024\/10\/Basecamp-Norraker.png","contentUrl":"https:\/\/basecampnorraker.se\/wp-content\/uploads\/2024\/10\/Basecamp-Norraker.png","width":940,"height":440,"caption":"Basecampnorr\u00e5ker"},"image":{"@id":"https:\/\/basecampnorraker.se\/#\/schema\/logo\/image\/"},"sameAs":["https:\/\/www.facebook.com\/basecampnorraker","https:\/\/www.instagram.com\/basecampnorraker\/"]}]}},"_links":{"self":[{"href":"https:\/\/basecampnorraker.se\/en\/wp-json\/wp\/v2\/pages\/3931","targetHints":{"allow":["GET"]}}],"collection":[{"href":"https:\/\/basecampnorraker.se\/en\/wp-json\/wp\/v2\/pages"}],"about":[{"href":"https:\/\/basecampnorraker.se\/en\/wp-json\/wp\/v2\/types\/page"}],"author":[{"embeddable":true,"href":"https:\/\/basecampnorraker.se\/en\/wp-json\/wp\/v2\/users\/11"}],"replies":[{"embeddable":true,"href":"https:\/\/basecampnorraker.se\/en\/wp-json\/wp\/v2\/comments?post=3931"}],"version-history":[{"count":16,"href":"https:\/\/basecampnorraker.se\/en\/wp-json\/wp\/v2\/pages\/3931\/revisions"}],"predecessor-version":[{"id":6004,"href":"https:\/\/basecampnorraker.se\/en\/wp-json\/wp\/v2\/pages\/3931\/revisions\/6004"}],"wp:attachment":[{"href":"https:\/\/basecampnorraker.se\/en\/wp-json\/wp\/v2\/media?parent=3931"}],"curies":[{"name":"wp","href":"https:\/\/api.w.org\/{rel}","templated":true}]}}