{"id":1215,"date":"2020-02-22T17:15:18","date_gmt":"2020-02-22T16:15:18","guid":{"rendered":"https:\/\/stage-ten.finarewebb.se\/?page_id=1215"},"modified":"2024-06-18T00:10:59","modified_gmt":"2024-06-17T22:10:59","slug":"tack","status":"publish","type":"page","link":"https:\/\/basecampnorraker.se\/en\/tack\/","title":{"rendered":"Tack"},"content":{"rendered":"<div data-elementor-type=\"wp-page\" data-elementor-id=\"1215\" class=\"elementor elementor-1215\" data-elementor-post-type=\"page\">\n\t\t\t\t\t\t<section class=\"elementor-section elementor-top-section elementor-element elementor-element-1dbe3c9c elementor-section-content-middle elementor-section-boxed elementor-section-height-default elementor-section-height-default\" data-id=\"1dbe3c9c\" data-element_type=\"section\" data-e-type=\"section\" data-settings=\"{&quot;background_background&quot;:&quot;classic&quot;}\">\n\t\t\t\t\t\t<div class=\"elementor-container elementor-column-gap-no\">\n\t\t\t\t\t<div class=\"elementor-column elementor-col-100 elementor-top-column elementor-element elementor-element-71cf38d0\" data-id=\"71cf38d0\" data-element_type=\"column\" data-e-type=\"column\">\n\t\t\t<div class=\"elementor-widget-wrap elementor-element-populated\">\n\t\t\t\t\t\t<div class=\"elementor-element elementor-element-77d8d6bf elementor-widget elementor-widget-heading\" data-id=\"77d8d6bf\" data-element_type=\"widget\" data-e-type=\"widget\" data-widget_type=\"heading.default\">\n\t\t\t\t<div class=\"elementor-widget-container\">\n\t\t\t\t\t<h4 class=\"elementor-heading-title elementor-size-default\">Tack f\u00f6r att du kontaktar oss!<\/h4>\t\t\t\t<\/div>\n\t\t\t\t<\/div>\n\t\t\t\t<div class=\"elementor-element elementor-element-41b30f9 elementor-widget elementor-widget-text-editor\" data-id=\"41b30f9\" data-element_type=\"widget\" data-e-type=\"widget\" data-widget_type=\"text-editor.default\">\n\t\t\t\t<div class=\"elementor-widget-container\">\n\t\t\t\t\t\t\t\t\t<p>Vi \u00e5terkommer s\u00e5 fort vi kan.<\/p>\t\t\t\t\t\t\t\t<\/div>\n\t\t\t\t<\/div>\n\t\t\t\t<section class=\"elementor-section elementor-inner-section elementor-element elementor-element-3f142b88 elementor-section-content-middle elementor-section-boxed elementor-section-height-default elementor-section-height-default\" data-id=\"3f142b88\" data-element_type=\"section\" data-e-type=\"section\">\n\t\t\t\t\t\t<div class=\"elementor-container elementor-column-gap-no\">\n\t\t\t\t\t<div class=\"elementor-column elementor-col-100 elementor-inner-column elementor-element elementor-element-3e0eda7f\" data-id=\"3e0eda7f\" data-element_type=\"column\" data-e-type=\"column\">\n\t\t\t<div class=\"elementor-widget-wrap elementor-element-populated\">\n\t\t\t\t\t\t<div class=\"elementor-element elementor-element-5fe507b6 elementor-align-center elementor-widget elementor-widget-button\" data-id=\"5fe507b6\" data-element_type=\"widget\" data-e-type=\"widget\" data-widget_type=\"button.default\">\n\t\t\t\t<div class=\"elementor-widget-container\">\n\t\t\t\t\t\t\t\t\t<div class=\"elementor-button-wrapper\">\n\t\t\t\t\t<a class=\"elementor-button elementor-button-link elementor-size-sm elementor-animation-grow\" href=\"https:\/\/basecampnorraker.se\/en\/\">\n\t\t\t\t\t\t<span class=\"elementor-button-content-wrapper\">\n\t\t\t\t\t\t\t\t\t<span class=\"elementor-button-text\">Hem<\/span>\n\t\t\t\t\t<\/span>\n\t\t\t\t\t<\/a>\n\t\t\t\t<\/div>\n\t\t\t\t\t\t\t\t<\/div>\n\t\t\t\t<\/div>\n\t\t\t\t\t<\/div>\n\t\t<\/div>\n\t\t\t\t\t<\/div>\n\t\t<\/section>\n\t\t\t\t\t<\/div>\n\t\t<\/div>\n\t\t\t\t\t<\/div>\n\t\t<\/section>\n\t\t\t\t<\/div>","protected":false},"excerpt":{"rendered":"<p>Tack f\u00c3\u00b6r att du kontaktar oss! Vi \u00c3\u00a5terkommer s\u00c3\u00a5 fort vi kan. Hem<\/p>","protected":false},"author":7,"featured_media":393,"parent":0,"menu_order":24,"comment_status":"closed","ping_status":"closed","template":"elementor_header_footer","meta":{"_monsterinsights_skip_tracking":false,"_monsterinsights_sitenote_active":false,"_monsterinsights_sitenote_note":"","_monsterinsights_sitenote_category":0,"footnotes":""},"class_list":["post-1215","page","type-page","status-publish","has-post-thumbnail","hentry"],"yoast_head":"<!-- This site is optimized with the Yoast SEO plugin v27.4 - https:\/\/yoast.com\/product\/yoast-seo-wordpress\/ -->\n<title>Tack - Basecampnorr\u00e5ker<\/title>\n<meta name=\"robots\" content=\"index, follow, max-snippet:-1, max-image-preview:large, max-video-preview:-1\" \/>\n<link rel=\"canonical\" href=\"https:\/\/basecampnorraker.se\/en\/tack\/\" \/>\n<meta property=\"og:locale\" content=\"en_US\" \/>\n<meta property=\"og:type\" content=\"article\" \/>\n<meta property=\"og:title\" content=\"Tack - Basecampnorr\u00e5ker\" \/>\n<meta property=\"og:description\" content=\"Tack f\u00c3\u00b6r att du kontaktar oss! Vi \u00c3\u00a5terkommer s\u00c3\u00a5 fort vi kan. Hem\" \/>\n<meta property=\"og:url\" content=\"https:\/\/basecampnorraker.se\/en\/tack\/\" \/>\n<meta property=\"og:site_name\" content=\"Basecampnorr\u00e5ker\" \/>\n<meta property=\"article:publisher\" content=\"https:\/\/www.facebook.com\/basecampnorraker\" \/>\n<meta property=\"article:modified_time\" content=\"2024-06-17T22:10:59+00:00\" \/>\n<meta property=\"og:image\" content=\"https:\/\/basecampnorraker.se\/wp-content\/uploads\/2019\/02\/Basecamp-Norra\u00cc\u0160ker.png\" \/>\n\t<meta property=\"og:image:width\" content=\"1363\" \/>\n\t<meta property=\"og:image:height\" content=\"696\" \/>\n\t<meta property=\"og:image:type\" content=\"image\/png\" \/>\n<meta name=\"twitter:card\" content=\"summary_large_image\" \/>\n<meta name=\"twitter:label1\" content=\"Est. reading time\" \/>\n\t<meta name=\"twitter:data1\" content=\"1 minute\" \/>\n<script type=\"application\/ld+json\" class=\"yoast-schema-graph\">{\"@context\":\"https:\\\/\\\/schema.org\",\"@graph\":[{\"@type\":\"WebPage\",\"@id\":\"https:\\\/\\\/basecampnorraker.se\\\/tack\\\/\",\"url\":\"https:\\\/\\\/basecampnorraker.se\\\/tack\\\/\",\"name\":\"Tack - Basecampnorr\u00e5ker\",\"isPartOf\":{\"@id\":\"https:\\\/\\\/basecampnorraker.se\\\/#website\"},\"primaryImageOfPage\":{\"@id\":\"https:\\\/\\\/basecampnorraker.se\\\/tack\\\/#primaryimage\"},\"image\":{\"@id\":\"https:\\\/\\\/basecampnorraker.se\\\/tack\\\/#primaryimage\"},\"thumbnailUrl\":\"https:\\\/\\\/basecampnorraker.se\\\/wp-content\\\/uploads\\\/2019\\\/02\\\/Basecamp-Norra\u00cc\u0160ker.png\",\"datePublished\":\"2020-02-22T16:15:18+00:00\",\"dateModified\":\"2024-06-17T22:10:59+00:00\",\"breadcrumb\":{\"@id\":\"https:\\\/\\\/basecampnorraker.se\\\/tack\\\/#breadcrumb\"},\"inLanguage\":\"en-US\",\"potentialAction\":[{\"@type\":\"ReadAction\",\"target\":[\"https:\\\/\\\/basecampnorraker.se\\\/tack\\\/\"]}]},{\"@type\":\"ImageObject\",\"inLanguage\":\"en-US\",\"@id\":\"https:\\\/\\\/basecampnorraker.se\\\/tack\\\/#primaryimage\",\"url\":\"https:\\\/\\\/basecampnorraker.se\\\/wp-content\\\/uploads\\\/2019\\\/02\\\/Basecamp-Norra\u00cc\u0160ker.png\",\"contentUrl\":\"https:\\\/\\\/basecampnorraker.se\\\/wp-content\\\/uploads\\\/2019\\\/02\\\/Basecamp-Norra\u00cc\u0160ker.png\",\"caption\":\"Basecamp-Norra\u00cc\u0160ker-Logo\"},{\"@type\":\"BreadcrumbList\",\"@id\":\"https:\\\/\\\/basecampnorraker.se\\\/tack\\\/#breadcrumb\",\"itemListElement\":[{\"@type\":\"ListItem\",\"position\":1,\"name\":\"Hem\",\"item\":\"https:\\\/\\\/basecampnorraker.se\\\/\"},{\"@type\":\"ListItem\",\"position\":2,\"name\":\"Tack\"}]},{\"@type\":\"WebSite\",\"@id\":\"https:\\\/\\\/basecampnorraker.se\\\/#website\",\"url\":\"https:\\\/\\\/basecampnorraker.se\\\/\",\"name\":\"Basecampnorr\u00e5ker\",\"description\":\"\",\"publisher\":{\"@id\":\"https:\\\/\\\/basecampnorraker.se\\\/#organization\"},\"potentialAction\":[{\"@type\":\"SearchAction\",\"target\":{\"@type\":\"EntryPoint\",\"urlTemplate\":\"https:\\\/\\\/basecampnorraker.se\\\/?s={search_term_string}\"},\"query-input\":{\"@type\":\"PropertyValueSpecification\",\"valueRequired\":true,\"valueName\":\"search_term_string\"}}],\"inLanguage\":\"en-US\"},{\"@type\":\"Organization\",\"@id\":\"https:\\\/\\\/basecampnorraker.se\\\/#organization\",\"name\":\"Basecampnorr\u00e5ker\",\"url\":\"https:\\\/\\\/basecampnorraker.se\\\/\",\"logo\":{\"@type\":\"ImageObject\",\"inLanguage\":\"en-US\",\"@id\":\"https:\\\/\\\/basecampnorraker.se\\\/#\\\/schema\\\/logo\\\/image\\\/\",\"url\":\"https:\\\/\\\/basecampnorraker.se\\\/wp-content\\\/uploads\\\/2024\\\/10\\\/Basecamp-Norraker.png\",\"contentUrl\":\"https:\\\/\\\/basecampnorraker.se\\\/wp-content\\\/uploads\\\/2024\\\/10\\\/Basecamp-Norraker.png\",\"width\":940,\"height\":440,\"caption\":\"Basecampnorr\u00e5ker\"},\"image\":{\"@id\":\"https:\\\/\\\/basecampnorraker.se\\\/#\\\/schema\\\/logo\\\/image\\\/\"},\"sameAs\":[\"https:\\\/\\\/www.facebook.com\\\/basecampnorraker\",\"https:\\\/\\\/www.instagram.com\\\/basecampnorraker\\\/\"]}]}<\/script>\n<!-- \/ Yoast SEO plugin. -->","yoast_head_json":{"title":"Tack - Basecampnorr\u00e5ker","robots":{"index":"index","follow":"follow","max-snippet":"max-snippet:-1","max-image-preview":"max-image-preview:large","max-video-preview":"max-video-preview:-1"},"canonical":"https:\/\/basecampnorraker.se\/en\/tack\/","og_locale":"en_US","og_type":"article","og_title":"Tack - Basecampnorr\u00e5ker","og_description":"Tack f\u00c3\u00b6r att du kontaktar oss! Vi \u00c3\u00a5terkommer s\u00c3\u00a5 fort vi kan. Hem","og_url":"https:\/\/basecampnorraker.se\/en\/tack\/","og_site_name":"Basecampnorr\u00e5ker","article_publisher":"https:\/\/www.facebook.com\/basecampnorraker","article_modified_time":"2024-06-17T22:10:59+00:00","og_image":[{"width":1363,"height":696,"url":"https:\/\/basecampnorraker.se\/wp-content\/uploads\/2019\/02\/Basecamp-Norra\u00cc\u0160ker.png","type":"image\/png"}],"twitter_card":"summary_large_image","twitter_misc":{"Est. reading time":"1 minute"},"schema":{"@context":"https:\/\/schema.org","@graph":[{"@type":"WebPage","@id":"https:\/\/basecampnorraker.se\/tack\/","url":"https:\/\/basecampnorraker.se\/tack\/","name":"Tack - Basecampnorr\u00e5ker","isPartOf":{"@id":"https:\/\/basecampnorraker.se\/#website"},"primaryImageOfPage":{"@id":"https:\/\/basecampnorraker.se\/tack\/#primaryimage"},"image":{"@id":"https:\/\/basecampnorraker.se\/tack\/#primaryimage"},"thumbnailUrl":"https:\/\/basecampnorraker.se\/wp-content\/uploads\/2019\/02\/Basecamp-Norra\u00cc\u0160ker.png","datePublished":"2020-02-22T16:15:18+00:00","dateModified":"2024-06-17T22:10:59+00:00","breadcrumb":{"@id":"https:\/\/basecampnorraker.se\/tack\/#breadcrumb"},"inLanguage":"en-US","potentialAction":[{"@type":"ReadAction","target":["https:\/\/basecampnorraker.se\/tack\/"]}]},{"@type":"ImageObject","inLanguage":"en-US","@id":"https:\/\/basecampnorraker.se\/tack\/#primaryimage","url":"https:\/\/basecampnorraker.se\/wp-content\/uploads\/2019\/02\/Basecamp-Norra\u00cc\u0160ker.png","contentUrl":"https:\/\/basecampnorraker.se\/wp-content\/uploads\/2019\/02\/Basecamp-Norra\u00cc\u0160ker.png","caption":"Basecamp-Norra\u00cc\u0160ker-Logo"},{"@type":"BreadcrumbList","@id":"https:\/\/basecampnorraker.se\/tack\/#breadcrumb","itemListElement":[{"@type":"ListItem","position":1,"name":"Hem","item":"https:\/\/basecampnorraker.se\/"},{"@type":"ListItem","position":2,"name":"Tack"}]},{"@type":"WebSite","@id":"https:\/\/basecampnorraker.se\/#website","url":"https:\/\/basecampnorraker.se\/","name":"Basecampnorr\u00e5ker","description":"","publisher":{"@id":"https:\/\/basecampnorraker.se\/#organization"},"potentialAction":[{"@type":"SearchAction","target":{"@type":"EntryPoint","urlTemplate":"https:\/\/basecampnorraker.se\/?s={search_term_string}"},"query-input":{"@type":"PropertyValueSpecification","valueRequired":true,"valueName":"search_term_string"}}],"inLanguage":"en-US"},{"@type":"Organization","@id":"https:\/\/basecampnorraker.se\/#organization","name":"Basecampnorr\u00e5ker","url":"https:\/\/basecampnorraker.se\/","logo":{"@type":"ImageObject","inLanguage":"en-US","@id":"https:\/\/basecampnorraker.se\/#\/schema\/logo\/image\/","url":"https:\/\/basecampnorraker.se\/wp-content\/uploads\/2024\/10\/Basecamp-Norraker.png","contentUrl":"https:\/\/basecampnorraker.se\/wp-content\/uploads\/2024\/10\/Basecamp-Norraker.png","width":940,"height":440,"caption":"Basecampnorr\u00e5ker"},"image":{"@id":"https:\/\/basecampnorraker.se\/#\/schema\/logo\/image\/"},"sameAs":["https:\/\/www.facebook.com\/basecampnorraker","https:\/\/www.instagram.com\/basecampnorraker\/"]}]}},"_links":{"self":[{"href":"https:\/\/basecampnorraker.se\/en\/wp-json\/wp\/v2\/pages\/1215","targetHints":{"allow":["GET"]}}],"collection":[{"href":"https:\/\/basecampnorraker.se\/en\/wp-json\/wp\/v2\/pages"}],"about":[{"href":"https:\/\/basecampnorraker.se\/en\/wp-json\/wp\/v2\/types\/page"}],"author":[{"embeddable":true,"href":"https:\/\/basecampnorraker.se\/en\/wp-json\/wp\/v2\/users\/7"}],"replies":[{"embeddable":true,"href":"https:\/\/basecampnorraker.se\/en\/wp-json\/wp\/v2\/comments?post=1215"}],"version-history":[{"count":13,"href":"https:\/\/basecampnorraker.se\/en\/wp-json\/wp\/v2\/pages\/1215\/revisions"}],"predecessor-version":[{"id":4950,"href":"https:\/\/basecampnorraker.se\/en\/wp-json\/wp\/v2\/pages\/1215\/revisions\/4950"}],"wp:featuredmedia":[{"embeddable":true,"href":"https:\/\/basecampnorraker.se\/en\/wp-json\/wp\/v2\/media\/393"}],"wp:attachment":[{"href":"https:\/\/basecampnorraker.se\/en\/wp-json\/wp\/v2\/media?parent=1215"}],"curies":[{"name":"wp","href":"https:\/\/api.w.org\/{rel}","templated":true}]}}